{"id":2180,"date":"2023-07-03T11:20:35","date_gmt":"2023-07-03T14:20:35","guid":{"rendered":"https:\/\/netuai.com.br\/cliente-selo-de-verificacao\/"},"modified":"2023-07-03T11:20:35","modified_gmt":"2023-07-03T14:20:35","slug":"cliente-selo-de-verificacao","status":"publish","type":"page","link":"https:\/\/netuai.com.br\/en\/cliente-selo-de-verificacao\/","title":{"rendered":"Cliente Selo de verifica\u00e7\u00e3o"},"content":{"rendered":"<div class='fluentform ff-default fluentform_wrapper_11 ffs_default_wrap'><form data-form_id=\"11\" id=\"fluentform_11\" class=\"frm-fluent-form fluent_form_11 ff-el-form-top ff_form_instance_11_1 ff-form-loading ffs_default\" data-form_instance=\"ff_form_instance_11_1\" method=\"POST\" ><fieldset  style=\"border: none!important;margin: 0!important;padding: 0!important;background-color: transparent!important;box-shadow: none!important;outline: none!important; min-inline-size: 100%;\">\n                    <legend class=\"ff_screen_reader_title\" style=\"display: block; margin: 0!important;padding: 0!important;height: 0!important;text-indent: -999999px;width: 0!important;overflow:hidden;\">Cliente Selo<\/legend><input type='hidden' name='__fluent_form_embded_post_id' value='2180' \/><input type=\"hidden\" id=\"_fluentform_11_fluentformnonce\" name=\"_fluentform_11_fluentformnonce\" value=\"0c73a44f02\" \/><input type=\"hidden\" name=\"_wp_http_referer\" value=\"\/en\/wp-json\/wp\/v2\/pages\/2180\" \/><div data-type=\"name-element\" data-name=\"names\" class=\" ff-field_container ff-name-field-wrapper\" ><div class='ff-t-container'><div class='ff-t-cell '><div class='ff-el-group'><div class=\"ff-el-input--label ff-el-is-required asterisk-right\"><label for='ff_11_names_first_name_' id='label_ff_11_names_first_name_' >Nome<\/label><\/div><div class='ff-el-input--content'><input type=\"text\" name=\"names[first_name]\" id=\"ff_11_names_first_name_\" class=\"ff-el-form-control\" placeholder=\"Nome\" aria-invalid=\"false\" aria-required=true><\/div><\/div><\/div><\/div><\/div><div class='ff-el-group'><div class=\"ff-el-input--label ff-el-is-required asterisk-right\"><label for='ff_11_email' id='label_ff_11_email' aria-label=\"Email\">Email<\/label><\/div><div class='ff-el-input--content'><input type=\"email\" name=\"email\" id=\"ff_11_email\" class=\"ff-el-form-control\" data-name=\"email\"  aria-invalid=\"false\" aria-required=true><\/div><\/div><div class='ff-el-group'><div class=\"ff-el-input--label ff-el-is-required asterisk-right\"><label for='ff_11_phone' id='label_ff_11_phone' aria-label=\"Whatsapp para contato (com DDD)- O suporte do Whatsapp entrar\u00e1 em contato para orienta\u00e7\u00f5es\">Whatsapp para contato (com DDD)- O suporte do Whatsapp entrar\u00e1 em contato para orienta\u00e7\u00f5es<\/label><\/div><div class='ff-el-input--content'><input name=\"phone\" class=\"ff-el-form-control ff-el-phone ff_el_with_extended_validation\" type=\"tel\" placeholder=\"(00) 0 0000-0000\" data-name=\"phone\" id=\"ff_11_phone\" inputmode=\"tel\"  aria-invalid='false' aria-required=true><\/div><\/div><div class='ff-el-group'><div class=\"ff-el-input--label ff-el-is-required asterisk-right\"><label for='ff_11_input_text_5' id='label_ff_11_input_text_5' aria-label=\"Qual link de seu perfil no Instagram? Exemplo: https:\/\/www.instagram.com\/seuuser\">Qual link de seu perfil no Instagram? Exemplo: https:\/\/www.instagram.com\/seuuser<\/label><\/div><div class='ff-el-input--content'><input type=\"text\" name=\"input_text_5\" class=\"ff-el-form-control\" data-name=\"input_text_5\" id=\"ff_11_input_text_5\"  aria-invalid=\"false\" aria-required=true><\/div><\/div><div class='ff-el-group'><div class=\"ff-el-input--label ff-el-is-required asterisk-right\"><label for='ff_11_multi_select_1' id='label_ff_11_multi_select_1' aria-label=\"Seu perfil no Facebook est\u00e1 no seu central de contas?\">Seu perfil no Facebook est\u00e1 no seu central de contas?<\/label><\/div><div class='ff-el-input--content'><select name=\"multi_select_1[]\" id=\"ff_11_multi_select_1\" class=\"ff-el-form-control  ff_has_multi_select\" multiple=\"1\" data-name=\"multi_select_1\" data-calc_value=\"0\"  aria-invalid=\"false\" aria-required=\"true\" aria-labelledby=\"label_ff_11_multi_select_1\"><option value=\"Sim\"  >Sim<\/option><option value=\"N\u00e3o\"  >N\u00e3o<\/option><option value=\"N\u00e3o sei olhar\"  >N\u00e3o sei olhar<\/option><\/select><\/div><\/div><div class='ff-el-group'><div class=\"ff-el-input--label ff-el-is-required asterisk-right\"><label for='ff_11_dropdown_8' id='label_ff_11_dropdown_8' aria-label=\"Sua conta no Instagram \u00e9 uma conta :\">Sua conta no Instagram \u00e9 uma conta :<\/label><\/div><div class='ff-el-input--content'><select name=\"dropdown_8\" id=\"ff_11_dropdown_8\" class=\"ff-el-form-control\" data-name=\"dropdown_8\" data-calc_value=\"0\"  aria-invalid=\"false\" aria-required=\"true\" aria-labelledby=\"label_ff_11_dropdown_8\"><option value=\"Conta Comercial\"  >Conta Comercial<\/option><option value=\"Criador de Conte\u00fado\"  >Criador de Conte\u00fado<\/option><option value=\"Perfil comum\"  >Perfil comum<\/option><option value=\"N\u00e3o sei\"  >N\u00e3o sei<\/option><\/select><\/div><\/div><div class='ff-el-group'><div class=\"ff-el-input--label ff-el-is-required asterisk-right\"><label for='ff_11_dropdown_10' id='label_ff_11_dropdown_10' aria-label=\"Fez compra de seguidores, sorteios de digital influencer ou automa\u00e7\u00f5es no passado?\">Fez compra de seguidores, sorteios de digital influencer ou automa\u00e7\u00f5es no passado?<\/label><\/div><div class='ff-el-input--content'><select name=\"dropdown_10\" id=\"ff_11_dropdown_10\" class=\"ff-el-form-control\" data-name=\"dropdown_10\" data-calc_value=\"0\"  aria-invalid=\"false\" aria-required=\"true\" aria-labelledby=\"label_ff_11_dropdown_10\"><option value=\"Sim\"  >Sim<\/option><option value=\"N\u00e3o\"  >N\u00e3o<\/option><\/select><\/div><\/div><div class='ff-el-group'><div class=\"ff-el-input--label ff-el-is-required asterisk-right\"><label for='ff_11_dropdown_11' id='label_ff_11_dropdown_11' aria-label=\"Existe n\u00famero de celular pr\u00f3prio nas configura\u00e7\u00f5es de perfil (n\u00e3o pode ter o mesmo em outra conta instagram) e ele est\u00e1 confirmado?\"> Existe n\u00famero de celular pr\u00f3prio nas configura\u00e7\u00f5es de perfil (n\u00e3o pode ter o mesmo em outra conta instagram) e ele est\u00e1 confirmado?<\/label><\/div><div class='ff-el-input--content'><select name=\"dropdown_11\" id=\"ff_11_dropdown_11\" class=\"ff-el-form-control\" data-name=\"dropdown_11\" data-calc_value=\"0\"  aria-invalid=\"false\" aria-required=\"true\" aria-labelledby=\"label_ff_11_dropdown_11\"><option value=\"Sim , est\u00e1 confirmado\"  >Sim , est\u00e1 confirmado<\/option><option value=\"Sim, n\u00e3o est\u00e1 confirmado\"  >Sim, n\u00e3o est\u00e1 confirmado<\/option><option value=\"N\u00e3o sei como est\u00e1\"  >N\u00e3o sei como est\u00e1<\/option><\/select><\/div><\/div><div class='ff-el-group'><div class=\"ff-el-input--label ff-el-is-required asterisk-right\"><label for='ff_11_dropdown_21' id='label_ff_11_dropdown_21' aria-label=\"Existe um email que voc\u00ea tem acesso f\u00e1cil nas configura\u00e7\u00f5es de perfil (n\u00e3o pode ter o mesmo em outra conta instagram) e ele est\u00e1 confirmado?\"> Existe um email que voc\u00ea tem acesso f\u00e1cil nas configura\u00e7\u00f5es de perfil (n\u00e3o pode ter o mesmo em outra conta instagram) e ele est\u00e1 confirmado?<\/label><\/div><div class='ff-el-input--content'><select name=\"dropdown_21\" id=\"ff_11_dropdown_21\" class=\"ff-el-form-control\" data-name=\"dropdown_21\" data-calc_value=\"0\"  aria-invalid=\"false\" aria-required=\"true\" aria-labelledby=\"label_ff_11_dropdown_21\"><option value=\"Sim , est\u00e1 confirmado\"  >Sim , est\u00e1 confirmado<\/option><option value=\"Sim, n\u00e3o est\u00e1 confirmado\"  >Sim, n\u00e3o est\u00e1 confirmado<\/option><option value=\"N\u00e3o sei como est\u00e1\"  >N\u00e3o sei como est\u00e1<\/option><\/select><\/div><\/div><div class='ff-el-group'><div class=\"ff-el-input--label ff-el-is-required asterisk-right\"><label for='ff_11_dropdown_15' id='label_ff_11_dropdown_15' aria-label=\"Se o caso necessitamos de uma nova foto sua para perfil, caso se avaliarmos que a sua n\u00e3o est\u00e1 de acordo. Poder\u00e1 enviar para nos enviar no email alimentacao@netuai.com.br ? Ao enviar nos pontue no WhatsApp de suporte.\">Se o caso necessitamos de uma nova foto sua para perfil, caso se avaliarmos que a sua n\u00e3o est\u00e1 de acordo. Poder\u00e1 enviar para nos enviar no email alimentacao@netuai.com.br ? Ao enviar nos pontue no WhatsApp de suporte.<\/label><\/div><div class='ff-el-input--content'><select name=\"dropdown_15\" id=\"ff_11_dropdown_15\" class=\"ff-el-form-control\" data-name=\"dropdown_15\" data-calc_value=\"0\"  aria-invalid=\"false\" aria-required=\"true\" aria-labelledby=\"label_ff_11_dropdown_15\"><option value=\"Sim, podemos trocar\"  >Sim, podemos trocar<\/option><option value=\"N\u00e3o tenho outra foto\"  >N\u00e3o tenho outra foto<\/option><\/select><\/div><\/div><div class='ff-el-group'><div class=\"ff-el-input--label ff-el-is-required asterisk-right\"><label for='ff_11_dropdown_12' id='label_ff_11_dropdown_12' aria-label=\"Se sua URL(user) e Nome  n\u00e3o conter seu nome completo ou pelo menos Nome e Sobrenome, ao enviar seu documento pessoal o Instagram recusar\u00e1. Podemos sugerir a troca, \u00e9 uma altera\u00e7\u00e3o necess\u00e1ria.\">Se sua URL(user) e Nome  n\u00e3o conter seu nome completo ou pelo menos Nome e Sobrenome, ao enviar seu documento pessoal o Instagram recusar\u00e1. Podemos sugerir a troca, \u00e9 uma altera\u00e7\u00e3o necess\u00e1ria.<\/label><\/div><div class='ff-el-input--content'><select name=\"dropdown_12\" id=\"ff_11_dropdown_12\" class=\"ff-el-form-control\" data-name=\"dropdown_12\" data-calc_value=\"0\"  aria-invalid=\"false\" aria-required=\"true\" aria-labelledby=\"label_ff_11_dropdown_12\"><option value=\"Sim , podemos trocar\"  >Sim , podemos trocar<\/option><option value=\"N\u00e3o, quero manter o minha URL, mas troco o nome\"  >N\u00e3o, quero manter o minha URL, mas troco o nome<\/option><option value=\"N\u00e3o sei, quero maiores explica\u00e7\u00f5es\"  >N\u00e3o sei, quero maiores explica\u00e7\u00f5es<\/option><\/select><\/div><\/div><div class='ff-el-group'><div class=\"ff-el-input--label ff-el-is-required asterisk-right\"><label for='ff_11_input_text_8' id='label_ff_11_input_text_8' aria-label=\"Necessitamos para formaliza\u00e7\u00e3o da contrata\u00e7\u00e3o dos servi\u00e7os os seguintes dados : Nome completo como est\u00e1 no documento\">Necessitamos para formaliza\u00e7\u00e3o da contrata\u00e7\u00e3o dos servi\u00e7os os seguintes dados : Nome completo como est\u00e1 no documento<\/label><\/div><div class='ff-el-input--content'><input type=\"text\" name=\"input_text_8\" class=\"ff-el-form-control\" data-name=\"input_text_8\" id=\"ff_11_input_text_8\"  aria-invalid=\"false\" aria-required=true><\/div><\/div><div class='ff-el-group'><div class=\"ff-el-input--label ff-el-is-required asterisk-right\"><label for='ff_11_input_text' id='label_ff_11_input_text' aria-label=\"Endere\u00e7o\">Endere\u00e7o<\/label><\/div><div class='ff-el-input--content'><input type=\"text\" name=\"input_text\" class=\"ff-el-form-control\" data-name=\"input_text\" id=\"ff_11_input_text\"  aria-invalid=\"false\" aria-required=true><\/div><\/div><div class='ff-el-group'><div class=\"ff-el-input--label ff-el-is-required asterisk-right\"><label for='ff_11_input_text_10' id='label_ff_11_input_text_10' aria-label=\"Bairro\">Bairro<\/label><\/div><div class='ff-el-input--content'><input type=\"text\" name=\"input_text_10\" class=\"ff-el-form-control\" data-name=\"input_text_10\" id=\"ff_11_input_text_10\"  aria-invalid=\"false\" aria-required=true><\/div><\/div><div class='ff-el-group'><div class=\"ff-el-input--label ff-el-is-required asterisk-right\"><label for='ff_11_subject_1' id='label_ff_11_subject_1' aria-label=\"Cidade (com Estado)\">Cidade (com Estado)<\/label><\/div><div class='ff-el-input--content'><input type=\"text\" name=\"subject_1\" class=\"ff-el-form-control\" data-name=\"subject_1\" id=\"ff_11_subject_1\"  aria-invalid=\"false\" aria-required=true><\/div><\/div><div class='ff-el-group'><div class=\"ff-el-input--label ff-el-is-required asterisk-right\"><label for='ff_11_numeric-field' id='label_ff_11_numeric-field' aria-label=\"CEP\">CEP<\/label><\/div><div class='ff-el-input--content'><input type=\"number\" name=\"numeric-field\" id=\"ff_11_numeric-field\" class=\"ff-el-form-control\" data-name=\"numeric-field\" inputmode=\"numeric\" step=\"any\"  aria-invalid=\"false\" aria-required=true><\/div><\/div><div class='ff-el-group'><div class=\"ff-el-input--label ff-el-is-required asterisk-right\"><label for='ff_11_numeric-field_3' id='label_ff_11_numeric-field_3' aria-label=\"CPF\">CPF<\/label><\/div><div class='ff-el-input--content'><input type=\"number\" name=\"numeric-field_3\" id=\"ff_11_numeric-field_3\" class=\"ff-el-form-control\" data-name=\"numeric-field_3\" inputmode=\"numeric\" step=\"any\"  aria-invalid=\"false\" aria-required=true><\/div><\/div><div class='ff-el-group'><div class=\"ff-el-input--label ff-el-is-required asterisk-right\"><label for='ff_11_numeric-field_4' id='label_ff_11_numeric-field_4' aria-label=\"RG\">RG<\/label><\/div><div class='ff-el-input--content'><input type=\"number\" name=\"numeric-field_4\" id=\"ff_11_numeric-field_4\" class=\"ff-el-form-control\" data-name=\"numeric-field_4\" inputmode=\"numeric\" step=\"any\"  aria-invalid=\"false\" aria-required=true><\/div><\/div><div class='ff-el-group'><div class=\"ff-el-input--label ff-el-is-required asterisk-right\"><label for='ff_11_message_2' id='label_ff_11_message_2' aria-label=\"Qual \u00e9 sua categoria de servi\u00e7os, especialidade ou diferencial.\">Qual \u00e9 sua categoria de servi\u00e7os, especialidade ou diferencial.<\/label><\/div><div class='ff-el-input--content'><textarea aria-required=\"true\" aria-labelledby=\"label_ff_11_message_2\" name=\"message_2\" id=\"ff_11_message_2\" class=\"ff-el-form-control\" rows=\"4\" cols=\"2\" data-name=\"message_2\" ><\/textarea><\/div><\/div><div class='ff-el-group'><div class=\"ff-el-input--label ff-el-is-required asterisk-right\"><label for='ff_11_message' id='label_ff_11_message' aria-label=\"Qual \u00e9 seu mercado? (p\u00fablico quer atingir)\">Qual \u00e9 seu mercado? (p\u00fablico quer atingir)<\/label><\/div><div class='ff-el-input--content'><textarea aria-required=\"true\" aria-labelledby=\"label_ff_11_message\" name=\"message\" id=\"ff_11_message\" class=\"ff-el-form-control\" rows=\"4\" cols=\"2\" data-name=\"message\" ><\/textarea><\/div><\/div><div class='ff-el-group'><div class=\"ff-el-input--label ff-el-is-required asterisk-right\"><label for='ff_11_message_7' id='label_ff_11_message_7' aria-label=\"Necessitamos de pequeno e breve descritivo sobre sua categoria para compor nas informa\u00e7\u00f5es de suas redes sociais.\"> Necessitamos de pequeno e breve descritivo sobre sua categoria para compor nas informa\u00e7\u00f5es de suas redes sociais.<\/label><\/div><div class='ff-el-input--content'><textarea aria-required=\"true\" aria-labelledby=\"label_ff_11_message_7\" name=\"message_7\" id=\"ff_11_message_7\" class=\"ff-el-form-control\" rows=\"4\" cols=\"2\" data-name=\"message_7\" ><\/textarea><\/div><\/div><div class='ff-el-group'><div class=\"ff-el-input--label ff-el-is-required asterisk-right\"><label for='ff_11_message_6' id='label_ff_11_message_6' aria-label=\"Voc\u00ea tem perfis Instagram em que se espelha? Liste pelo menos 5 aqui\">Voc\u00ea tem perfis Instagram em que se espelha? Liste pelo menos 5 aqui<\/label><\/div><div class='ff-el-input--content'><textarea aria-required=\"true\" aria-labelledby=\"label_ff_11_message_6\" name=\"message_6\" id=\"ff_11_message_6\" class=\"ff-el-form-control\" rows=\"5\" cols=\"2\" data-name=\"message_6\" ><\/textarea><\/div><\/div><div class='ff-el-group'><div class=\"ff-el-input--label ff-el-is-required asterisk-right\"><label for='ff_11_dropdown' id='label_ff_11_dropdown' aria-label=\"Para sua prote\u00e7\u00e3o, precisamos fazer confirma\u00e7\u00f5es via App Autenticador(Google Authenticator)e outras confirma\u00e7\u00f5es. Ativando as autentica\u00e7\u00f5es de 2 fatores onde for necess\u00e1rio. N\u00e3o fazemos por aqui . por isso para sua prote\u00e7\u00e3o, e precisamos de seu tempo para que seja realizada essa orienta\u00e7\u00e3o e implanta\u00e7\u00e3o tamb\u00e9m no seu celular, se desejar. No caso agendamos essa etapa, e realizamos tudo por WhatsApp. Voc\u00ea teria disponibilidade de ter um hor\u00e1rio em conjunto conosco? \u00c9 necess\u00e1rio agendar para realizarmos as modifica\u00e7\u00f5es. Caso n\u00e3o deseje informe aqui.\">Para sua prote\u00e7\u00e3o, precisamos fazer confirma\u00e7\u00f5es via App Autenticador(Google Authenticator)e outras confirma\u00e7\u00f5es. Ativando as autentica\u00e7\u00f5es de 2 fatores onde for necess\u00e1rio. N\u00e3o fazemos por aqui . por isso para sua prote\u00e7\u00e3o, e precisamos de seu tempo para que seja realizada essa orienta\u00e7\u00e3o e implanta\u00e7\u00e3o tamb\u00e9m no seu celular, se desejar. No caso agendamos essa etapa, e realizamos tudo por WhatsApp. Voc\u00ea teria disponibilidade de ter um hor\u00e1rio em conjunto conosco? \u00c9 necess\u00e1rio agendar para realizarmos as modifica\u00e7\u00f5es. Caso n\u00e3o deseje informe aqui.<\/label><\/div><div class='ff-el-input--content'><select name=\"dropdown\" id=\"ff_11_dropdown\" class=\"ff-el-form-control\" data-name=\"dropdown\" data-calc_value=\"0\"  aria-invalid=\"false\" aria-required=\"true\" aria-labelledby=\"label_ff_11_dropdown\"><option value=\"Sim , vamos agendar\"  >Sim , vamos agendar<\/option><option value=\"N\u00e3o, quero a prote\u00e7\u00e3o\"  >N\u00e3o, quero a prote\u00e7\u00e3o<\/option><\/select><\/div><\/div><div class='ff-el-group'><div class=\"ff-el-input--label ff-el-is-required asterisk-right\"><label for='ff_11_dropdown_22' id='label_ff_11_dropdown_22' aria-label=\"Teria interesse em realizar Tr\u00e1fego Pago? Com profissionalismo estudamos sua regi\u00e3o e os interesses, ocupa\u00e7\u00f5es e profissionais que deseja atingir. Lembrando que quanto mais estreito o funil do p\u00fablico menor o p\u00fablico a ser atingido. Podemos te enviar nossos pacotes?\">Teria interesse em realizar Tr\u00e1fego Pago? Com profissionalismo estudamos sua regi\u00e3o e os interesses, ocupa\u00e7\u00f5es e profissionais que deseja atingir. Lembrando que quanto mais estreito o funil do p\u00fablico menor o p\u00fablico a ser atingido. Podemos te enviar nossos pacotes?<\/label><\/div><div class='ff-el-input--content'><select name=\"dropdown_22\" id=\"ff_11_dropdown_22\" class=\"ff-el-form-control\" data-name=\"dropdown_22\" data-calc_value=\"0\"  aria-invalid=\"false\" aria-required=\"true\" aria-labelledby=\"label_ff_11_dropdown_22\"><option value=\"Sim , vamos agendar\"  >Sim , vamos agendar<\/option><option value=\"N\u00e3o, quero a prote\u00e7\u00e3o\"  >N\u00e3o, quero a prote\u00e7\u00e3o<\/option><\/select><\/div><\/div><div class='ff-el-group    ff-el-input--content'><div class='ff-el-form-check ff-el-tc'><label aria-label='Eu aceito e compreendo os termos aqui estabelecidos.' class='ff-el-form-check-label ff_tc_label' for=terms-n-condition_c8ec293f23cd5aa93e06ea7fdce1bd3d><span class='ff_tc_checkbox'><input type=\"checkbox\" name=\"terms-n-condition\" class=\"ff-el-form-check-input\" data-name=\"terms-n-condition\" id=\"terms-n-condition_c8ec293f23cd5aa93e06ea7fdce1bd3d\"  value='on' aria-invalid='false' aria-required=false><\/span> <div class='ff_t_c'><p>Eu aceito e compreendo os termos aqui estabelecidos.<\/p><\/div><\/label><\/div><\/div><div class='ff-el-group ' ><div class='ff-el-input--content'><div data-fluent_id='11' name='g-recaptcha-response'><div\n\t\tdata-sitekey='6LcF8r4eAAAAAJj0mZfVS1GmwyZFfxmye4MQuXEX'\n\t\tid='fluentform-recaptcha-11-1'\n\t\tclass='ff-el-recaptcha g-recaptcha'\n\t\tdata-callback='fluentFormrecaptchaSuccessCallback'><\/div><\/div><\/div><\/div><div class='ff-el-group ff-text-left ff_submit_btn_wrapper'><button type=\"submit\" class=\"ff-btn ff-btn-submit ff-btn-md ff_btn_style wpf_has_custom_css\"  aria-label=\"Enviar\">Enviar<\/button><\/div><\/fieldset><\/form><div id='fluentform_11_errors' class='ff-errors-in-stack ff_form_instance_11_1 ff-form-loading_errors ff_form_instance_11_1_errors'><\/div><\/div>            <script type=\"text\/javascript\">\n                window.fluent_form_ff_form_instance_11_1 = {\"id\":\"11\",\"settings\":{\"layout\":{\"labelPlacement\":\"top\",\"helpMessagePlacement\":\"with_label\",\"errorMessagePlacement\":\"inline\",\"asteriskPlacement\":\"asterisk-right\"},\"id\":\"39\",\"restrictions\":{\"denyEmptySubmission\":{\"enabled\":false}}},\"form_instance\":\"ff_form_instance_11_1\",\"form_id_selector\":\"fluentform_11\",\"rules\":{\"names[first_name]\":{\"required\":{\"value\":true,\"message\":\"O campo Nome \\u00e9 Obrigat\\u00f3rio\"}},\"names[middle_name]\":{\"required\":{\"value\":false,\"message\":\"This field is required\"}},\"names[last_name]\":{\"required\":{\"value\":false,\"message\":\"This field is required\"}},\"email\":{\"required\":{\"value\":true,\"message\":\"O campo Email \\u00e9 Obrigat\\u00f3rio\"},\"email\":{\"value\":true,\"message\":\"This field must contain a valid email\"}},\"phone\":{\"required\":{\"value\":true,\"message\":\"O campo Whatsapp \\u00e9 Obrigat\\u00f3rio\"},\"valid_phone_number\":{\"value\":true,\"message\":\"Phone number is not valid\"}},\"input_text_5\":{\"required\":{\"value\":true,\"message\":\"O Campo Link Instagram \\u00e9 Obrigat\\u00f3rio- caso n\\u00e3o possua essa rede social, coloque - N\\u00e3o tenho conta\"}},\"multi_select_1\":{\"required\":{\"value\":true,\"message\":\"\\u00c9 necess\\u00e1rio responder se seu perfil no Facebook est\\u00e1 no seu central de contas?\"}},\"dropdown_8\":{\"required\":{\"value\":true,\"message\":\"This field is required\"}},\"dropdown_10\":{\"required\":{\"value\":true,\"message\":\"O campo compra de seguidores \\u00e9 Obrigat\\u00f3rio\"}},\"dropdown_11\":{\"required\":{\"value\":true,\"message\":\"O campo celular no Instagram \\u00e9 obrigat\\u00f3rio\"}},\"dropdown_21\":{\"required\":{\"value\":true,\"message\":\"O campo email no Instagram \\u00e9 obrigat\\u00f3rio\"}},\"dropdown_15\":{\"required\":{\"value\":true,\"message\":\"O campo Foto perfil \\u00e9 Obrigat\\u00f3rio\"}},\"dropdown_12\":{\"required\":{\"value\":true,\"message\":\"O campo Nome e URL \\u00e9 Obrigat\\u00f3rio\"}},\"input_text_8\":{\"required\":{\"value\":true,\"message\":\"O campo Nome Completo \\u00e9 Obrigat\\u00f3rio\"}},\"input_text\":{\"required\":{\"value\":true,\"message\":\"O campo Endere\\u00e7o \\u00e9 Obrigat\\u00f3rio\"}},\"input_text_10\":{\"required\":{\"value\":true,\"message\":\"O campo Bairro \\u00e9 Obrigat\\u00f3rio\"}},\"subject_1\":{\"required\":{\"value\":true,\"message\":\"O campo Cidade com o Estado \\u00e9 Obrigat\\u00f3rio\"}},\"numeric-field\":{\"required\":{\"value\":true,\"message\":\"O campo CEP \\u00e9 Obrigat\\u00f3rio\"},\"numeric\":{\"value\":true,\"message\":\"This field must contain numeric value\"},\"min\":{\"value\":\"\",\"message\":\"Minimum value is \"},\"max\":{\"value\":\"\",\"message\":\"Maximum value is \"}},\"numeric-field_3\":{\"required\":{\"value\":true,\"message\":\"O campo CPF \\u00e9 Obrigat\\u00f3rio\"},\"numeric\":{\"value\":true,\"message\":\"This field must contain numeric value\"},\"min\":{\"value\":\"\",\"message\":\"Minimum value is \"},\"max\":{\"value\":\"\",\"message\":\"Maximum value is \"},\"digits\":{\"value\":\"\",\"message\":\"The number of digits has to be \"}},\"numeric-field_4\":{\"required\":{\"value\":true,\"message\":\"O campo RG \\u00e9 Obrigat\\u00f3rio\"},\"numeric\":{\"value\":true,\"message\":\"This field must contain numeric value\"},\"min\":{\"value\":\"\",\"message\":\"Minimum value is \"},\"max\":{\"value\":\"\",\"message\":\"Maximum value is \"}},\"message_2\":{\"required\":{\"value\":true,\"message\":\"O campo dados comerciais  \\u00e9 Obrigat\\u00f3rio\"}},\"message\":{\"required\":{\"value\":true,\"message\":\"O campo Breve descritivo  \\u00e9 Obrigat\\u00f3rio\"}},\"message_7\":{\"required\":{\"value\":true,\"message\":\"O campo Breve descritivo  \\u00e9 Obrigat\\u00f3rio\"}},\"message_6\":{\"required\":{\"value\":true,\"message\":\"O campo Concorrentes  \\u00e9 Obrigat\\u00f3rio\"}},\"dropdown\":{\"required\":{\"value\":true,\"message\":\"O campo 2 fatores \\u00e9 obrigat\\u00f3rio\"}},\"dropdown_22\":{\"required\":{\"value\":true,\"message\":\"O campo 2 fatores \\u00e9 obrigat\\u00f3rio\"}},\"terms-n-condition\":{\"required\":{\"value\":false,\"message\":\"This field is required\"}},\"g-recaptcha-response\":[]},\"debounce_time\":300};\n                            <\/script>\n            \n","protected":false},"excerpt":{"rendered":"","protected":false},"author":1,"featured_media":0,"parent":0,"menu_order":0,"comment_status":"closed","ping_status":"closed","template":"","meta":{"footnotes":""},"class_list":["post-2180","page","type-page","status-publish","hentry"],"_links":{"self":[{"href":"https:\/\/netuai.com.br\/en\/wp-json\/wp\/v2\/pages\/2180","targetHints":{"allow":["GET"]}}],"collection":[{"href":"https:\/\/netuai.com.br\/en\/wp-json\/wp\/v2\/pages"}],"about":[{"href":"https:\/\/netuai.com.br\/en\/wp-json\/wp\/v2\/types\/page"}],"author":[{"embeddable":true,"href":"https:\/\/netuai.com.br\/en\/wp-json\/wp\/v2\/users\/1"}],"replies":[{"embeddable":true,"href":"https:\/\/netuai.com.br\/en\/wp-json\/wp\/v2\/comments?post=2180"}],"version-history":[{"count":0,"href":"https:\/\/netuai.com.br\/en\/wp-json\/wp\/v2\/pages\/2180\/revisions"}],"wp:attachment":[{"href":"https:\/\/netuai.com.br\/en\/wp-json\/wp\/v2\/media?parent=2180"}],"curies":[{"name":"wp","href":"https:\/\/api.w.org\/{rel}","templated":true}]}}