{"id":2174,"date":"2022-11-17T20:19:37","date_gmt":"2022-11-17T23:19:37","guid":{"rendered":"https:\/\/netuai.com.br\/trafego-pago\/"},"modified":"2025-07-30T11:19:55","modified_gmt":"2025-07-30T14:19:55","slug":"trafego-pago","status":"publish","type":"page","link":"https:\/\/netuai.com.br\/en\/trafego-pago\/","title":{"rendered":"Tr\u00e1fego pago"},"content":{"rendered":"\t\t<div data-elementor-type=\"wp-page\" data-elementor-id=\"2174\" class=\"elementor elementor-2174 elementor-751\" data-elementor-post-type=\"page\">\n\t\t\t\t\t\t<section class=\"elementor-section elementor-top-section elementor-element elementor-element-699b97c1 elementor-section-boxed elementor-section-height-default elementor-section-height-default\" data-id=\"699b97c1\" data-element_type=\"section\" data-e-type=\"section\">\n\t\t\t\t\t\t<div class=\"elementor-container elementor-column-gap-default\">\n\t\t\t\t\t<div class=\"elementor-column elementor-col-100 elementor-top-column elementor-element elementor-element-69286c6e\" data-id=\"69286c6e\" data-element_type=\"column\" data-e-type=\"column\">\n\t\t\t<div class=\"elementor-widget-wrap elementor-element-populated\">\n\t\t\t\t\t\t<div class=\"elementor-element elementor-element-4d5343e3 elementor-widget elementor-widget-heading\" data-id=\"4d5343e3\" data-element_type=\"widget\" data-e-type=\"widget\" data-widget_type=\"heading.default\">\n\t\t\t\t<div class=\"elementor-widget-container\">\n\t\t\t\t\t<h2 class=\"elementor-heading-title elementor-size-default\">Tr\u00e1fego Pago<\/h2>\t\t\t\t<\/div>\n\t\t\t\t<\/div>\n\t\t\t\t\t<\/div>\n\t\t<\/div>\n\t\t\t\t\t<\/div>\n\t\t<\/section>\n\t\t\t\t<section class=\"elementor-section elementor-top-section elementor-element elementor-element-5f346cdc elementor-section-boxed elementor-section-height-default elementor-section-height-default\" data-id=\"5f346cdc\" data-element_type=\"section\" data-e-type=\"section\">\n\t\t\t\t\t\t<div class=\"elementor-container elementor-column-gap-default\">\n\t\t\t\t\t<div class=\"elementor-column elementor-col-50 elementor-top-column elementor-element elementor-element-6b0c820d\" data-id=\"6b0c820d\" data-element_type=\"column\" data-e-type=\"column\">\n\t\t\t<div class=\"elementor-widget-wrap elementor-element-populated\">\n\t\t\t\t\t\t<div class=\"elementor-element elementor-element-47541631 elementor-widget elementor-widget-image\" data-id=\"47541631\" data-element_type=\"widget\" data-e-type=\"widget\" data-widget_type=\"image.default\">\n\t\t\t\t<div class=\"elementor-widget-container\">\n\t\t\t\t\t\t\t\t\t\t\t\t\t\t\t<img fetchpriority=\"high\" decoding=\"async\" width=\"800\" height=\"800\" src=\"https:\/\/netuai.com.br\/wp-content\/uploads\/2022\/11\/1-1024x1024.png\" class=\"attachment-large size-large wp-image-1994\" alt=\"\" srcset=\"https:\/\/netuai.com.br\/wp-content\/uploads\/2022\/11\/1-1024x1024.png 1024w, https:\/\/netuai.com.br\/wp-content\/uploads\/2022\/11\/1-300x300.png 300w, https:\/\/netuai.com.br\/wp-content\/uploads\/2022\/11\/1-150x150.png 150w, https:\/\/netuai.com.br\/wp-content\/uploads\/2022\/11\/1-768x768.png 768w, https:\/\/netuai.com.br\/wp-content\/uploads\/2022\/11\/1.png 1080w\" sizes=\"(max-width: 800px) 100vw, 800px\" \/>\t\t\t\t\t\t\t\t\t\t\t\t\t\t\t<\/div>\n\t\t\t\t<\/div>\n\t\t\t\t<div class=\"elementor-element elementor-element-2d7326be elementor-widget elementor-widget-image\" data-id=\"2d7326be\" data-element_type=\"widget\" data-e-type=\"widget\" data-widget_type=\"image.default\">\n\t\t\t\t<div class=\"elementor-widget-container\">\n\t\t\t\t\t\t\t\t\t\t\t\t\t\t\t<img decoding=\"async\" width=\"800\" height=\"800\" src=\"https:\/\/netuai.com.br\/wp-content\/uploads\/2022\/11\/2-1024x1024.png\" class=\"attachment-large size-large wp-image-1995\" alt=\"\" srcset=\"https:\/\/netuai.com.br\/wp-content\/uploads\/2022\/11\/2-1024x1024.png 1024w, https:\/\/netuai.com.br\/wp-content\/uploads\/2022\/11\/2-300x300.png 300w, https:\/\/netuai.com.br\/wp-content\/uploads\/2022\/11\/2-150x150.png 150w, https:\/\/netuai.com.br\/wp-content\/uploads\/2022\/11\/2-768x768.png 768w, https:\/\/netuai.com.br\/wp-content\/uploads\/2022\/11\/2.png 1080w\" sizes=\"(max-width: 800px) 100vw, 800px\" \/>\t\t\t\t\t\t\t\t\t\t\t\t\t\t\t<\/div>\n\t\t\t\t<\/div>\n\t\t\t\t\t<\/div>\n\t\t<\/div>\n\t\t\t\t<div class=\"elementor-column elementor-col-50 elementor-top-column elementor-element elementor-element-56c1a03c\" data-id=\"56c1a03c\" data-element_type=\"column\" data-e-type=\"column\">\n\t\t\t<div class=\"elementor-widget-wrap elementor-element-populated\">\n\t\t\t\t\t\t<div class=\"elementor-element elementor-element-14d73e47 elementor-widget elementor-widget-text-editor\" data-id=\"14d73e47\" data-element_type=\"widget\" data-e-type=\"widget\" data-widget_type=\"text-editor.default\">\n\t\t\t\t<div class=\"elementor-widget-container\">\n\t\t\t\t\t\t\t\t\t<p><strong>Tr\u00e1fego pago<\/strong> s\u00e3o estrat\u00e9gias usadas em campanhas pagas que t\u00eam como objetivo atrair consumidores para o site da empresa ou atendimento Whatsapp, gerando assim Leads(poss\u00edveis vendas).<\/p><p>Todas as a\u00e7\u00f5es de <b>Tr\u00e1fego Pago\u00a0<\/b>podem ser mensuradas, portanto facilmente analisadas e avaliadas.<\/p><p>\u00c9 poss\u00edvel saber exatamente quantas pessoas visualizaram, converteram ou compraram em cada campanha por meio de ferramentas espec\u00edficas.<\/p><p>Obtendo o conhecimento dessas importantes informa\u00e7\u00f5es, \u00e9 poss\u00edvel otimizar as campanhas para ter um melhor ROI (retorno sobre investimento).<\/p><p>As empresas mais inovadoras do mercado t\u00eam usado o <b>Tr\u00e1fego Pago\u00a0<\/b>agressivamente como estrat\u00e9gia de Marketing.<\/p><p>Em Resumo, o <strong>Tr\u00e1fego Pago<\/strong> serve para 3 grandes a\u00e7\u00f5es:<\/p><p>1- <img decoding=\"async\" class=\"emoji\" role=\"img\" draggable=\"false\" src=\"https:\/\/s.w.org\/images\/core\/emoji\/14.0.0\/svg\/1f465.svg\" alt=\"\ud83d\udc65\" \/> P\u00fablico certo- Apertar um bot\u00e3o e achar que isso tr\u00e1fego pago, ledo engano! Cuidado ao achar que voc\u00ea, est\u00e1 no caminho certo. E necess\u00e1rio entender e escolher seu p\u00fablico certo! Por isso que papel de estrategistas de WEB profissional \u00e9 fundamental<\/p><p>2- <img decoding=\"async\" class=\"emoji\" role=\"img\" draggable=\"false\" src=\"https:\/\/s.w.org\/images\/core\/emoji\/14.0.0\/svg\/1f4b2.svg\" alt=\"\ud83d\udcb2\" \/> Mais vendas &#8211; De nada adianta um post que n\u00e3o retorna em vendas. Salvo exce\u00e7\u00f5es quando o intuito \u00e9 levar a Marca e n\u00e3o a venda. Ter n\u00fameros \u00e9 importante, mas nem sempre \u00e9 o que deseja. Vendas ainda \u00e9 um bom term\u00f4metro da empresa, e a\u00ed seu tr\u00e1fego pago te traz vendas?<\/p><p>3- <img decoding=\"async\" class=\"emoji\" role=\"img\" draggable=\"false\" src=\"https:\/\/s.w.org\/images\/core\/emoji\/14.0.0\/svg\/1f44a-1f3fb.svg\" alt=\"\ud83d\udc4a\ud83c\udffb\" \/> Ser constante &#8211; Direto as pessoas come\u00e7am e n\u00e3o continuam com a desculpa de que n\u00e3o deu certo. Imediatismo no Tr\u00e1fego pago N\u00c3O FUNCIONA! Como parametrizar algo que n\u00e3o se tem const\u00e2ncia, m\u00e9trica e avalia\u00e7\u00e3o? N\u00e3o aumentar esses valores \u00e9 o outro erro maior, quem planta as mesmas a\u00e7\u00f5es, colhe sempre os mesmos resultados!<\/p><p><span style=\"font-size: 1rem;\">Para isso a <a style=\"background-color: #ffffff; font-size: 1.5rem;\" href=\"https:\/\/www.netuai.com.br\/#netuai\" target=\"_blank\" rel=\"noopener\">NETUAI<\/a> \u00a0 <\/span><span style=\"font-size: 1rem;\">\u00a0se preocupa na elabora\u00e7\u00e3o do projeto, fazendo uma consultoria no neg\u00f3cio do cliente, instruindo de maneira clara para qual caminho dever\u00e1 seguir.<\/span><\/p><h4><img decoding=\"async\" class=\"emoji\" role=\"img\" draggable=\"false\" src=\"https:\/\/s.w.org\/images\/core\/emoji\/14.0.0\/svg\/1f929.svg\" alt=\"\ud83e\udd29\" \/> Vamos fazer seu Tr\u00e1fego Pago com a <a href=\"https:\/\/www.netuai.com.br\/#netuai\" target=\"_blank\" rel=\"noopener\">NETUAI?\u2800<\/a><\/h4><p><span style=\"font-size: 1rem;\">Chama a NETUAI <img decoding=\"async\" class=\"emoji\" role=\"img\" draggable=\"false\" src=\"https:\/\/s.w.org\/images\/core\/emoji\/14.0.0\/svg\/1f44a-1f3fc.svg\" alt=\"\ud83d\udc4a\ud83c\udffc\" \/><img decoding=\"async\" class=\"emoji\" role=\"img\" draggable=\"false\" src=\"https:\/\/s.w.org\/images\/core\/emoji\/14.0.0\/svg\/1f44a-1f3fc.svg\" alt=\"\ud83d\udc4a\ud83c\udffc\" \/> <img decoding=\"async\" class=\"emoji\" role=\"img\" draggable=\"false\" src=\"https:\/\/s.w.org\/images\/core\/emoji\/14.0.0\/svg\/1f4f2.svg\" alt=\"\ud83d\udcf2\" \/> WhatsApp<\/span><a style=\"background-color: #ffffff; font-size: 1rem;\" href=\"https:\/\/api.whatsapp.com\/send?phone=5534998097611&amp;text=Ol%C3%A1,%20vamos%20vender%20MUITO%20com%20a%20Netuai,%20chama%20agora\" target=\"_blank\" rel=\"noopener\"> (34)99809-7611<\/a><\/p>\t\t\t\t\t\t\t\t<\/div>\n\t\t\t\t<\/div>\n\t\t\t\t\t<\/div>\n\t\t<\/div>\n\t\t\t\t\t<\/div>\n\t\t<\/section>\n\t\t\t\t<section class=\"elementor-section elementor-top-section elementor-element elementor-element-452617c0 elementor-section-boxed elementor-section-height-default elementor-section-height-default\" data-id=\"452617c0\" data-element_type=\"section\" data-e-type=\"section\" data-settings=\"{&quot;background_background&quot;:&quot;classic&quot;}\">\n\t\t\t\t\t\t<div class=\"elementor-container elementor-column-gap-default\">\n\t\t\t\t\t<div class=\"elementor-column elementor-col-33 elementor-top-column elementor-element elementor-element-3c2c2e7f\" data-id=\"3c2c2e7f\" data-element_type=\"column\" data-e-type=\"column\">\n\t\t\t<div class=\"elementor-widget-wrap elementor-element-populated\">\n\t\t\t\t\t\t<div class=\"elementor-element elementor-element-4cee473c elementor-widget elementor-widget-image\" data-id=\"4cee473c\" data-element_type=\"widget\" data-e-type=\"widget\" data-widget_type=\"image.default\">\n\t\t\t\t<div class=\"elementor-widget-container\">\n\t\t\t\t\t\t\t\t\t\t\t\t\t\t\t\t<a href=\"https:\/\/api.whatsapp.com\/send?phone=5534998097611&#038;text=Ol%C3%A1,%20desejo%20saber%20sobre%20post%20patrocinados%20da%20Netuai\" target=\"_blank\" rel=\"noopener\">\n\t\t\t\t\t\t\t<img decoding=\"async\" src=\"https:\/\/netuai.com.br\/wp-content\/uploads\/elementor\/thumbs\/patrocinados-300x300-1-pwvjxpi540wr5hj1jb73v7iucu0u6fnfmd9f4nx1dw.png\" title=\"patrocinados-300&#215;300\" alt=\"patrocinados-300x300\" loading=\"lazy\" \/>\t\t\t\t\t\t\t\t<\/a>\n\t\t\t\t\t\t\t\t\t\t\t\t\t\t\t<\/div>\n\t\t\t\t<\/div>\n\t\t\t\t<div class=\"elementor-element elementor-element-770ab9cd elementor-widget elementor-widget-text-editor\" data-id=\"770ab9cd\" data-element_type=\"widget\" data-e-type=\"widget\" data-widget_type=\"text-editor.default\">\n\t\t\t\t<div class=\"elementor-widget-container\">\n\t\t\t\t\t\t\t\t\t<p><span style=\"color: #ffffff;\"><a style=\"color: #ffffff;\" href=\"https:\/\/api.whatsapp.com\/send?phone=5534998097611&amp;text=Ol%C3%A1,%20desejo%20saber%20sobre%20post%20patrocinados%20da%20Netuai\" target=\"_blank\" rel=\"noopener\">Preciso anunciar em redes sociais e atingir o meu p\u00fablico.\u00a0<strong><span style=\"font-size: 1rem;\">Clique aqui!\u00a0<\/span><\/strong><span style=\"font-size: 1rem; background-color: #ffffff; font-family: Helvetica, Arial, sans-serif;\"><img decoding=\"async\" class=\"emoji\" role=\"img\" draggable=\"false\" src=\"https:\/\/s.w.org\/images\/core\/emoji\/13.0.0\/svg\/1f60a.svg\" alt=\"\ud83d\ude0a\" \/><\/span><\/a><\/span><\/p>\t\t\t\t\t\t\t\t<\/div>\n\t\t\t\t<\/div>\n\t\t\t\t\t<\/div>\n\t\t<\/div>\n\t\t\t\t<div class=\"elementor-column elementor-col-33 elementor-top-column elementor-element elementor-element-2331799e\" data-id=\"2331799e\" data-element_type=\"column\" data-e-type=\"column\">\n\t\t\t<div class=\"elementor-widget-wrap elementor-element-populated\">\n\t\t\t\t\t\t<div class=\"elementor-element elementor-element-2deb1cbd elementor-widget elementor-widget-image\" data-id=\"2deb1cbd\" data-element_type=\"widget\" data-e-type=\"widget\" data-widget_type=\"image.default\">\n\t\t\t\t<div class=\"elementor-widget-container\">\n\t\t\t\t\t\t\t\t\t\t\t\t\t\t\t\t<a href=\"https:\/\/api.whatsapp.com\/send?phone=5534998097611&#038;text=Ol%C3%A1,quero%20saber%20sobre%20gerenciamento%20de%20redes%20sociais%20da%20Netuai\" target=\"_blank\" rel=\"noopener\">\n\t\t\t\t\t\t\t<img decoding=\"async\" src=\"https:\/\/netuai.com.br\/wp-content\/uploads\/elementor\/thumbs\/gerenciadorrs-300x300-1-pwvjxlqscorlv1oi59kll8gzzajdbn8i9unh7k2m2s.png\" title=\"gerenciadorrs-300&#215;300\" alt=\"gerenciadorrs-300x300\" loading=\"lazy\" \/>\t\t\t\t\t\t\t\t<\/a>\n\t\t\t\t\t\t\t\t\t\t\t\t\t\t\t<\/div>\n\t\t\t\t<\/div>\n\t\t\t\t<div class=\"elementor-element elementor-element-41a1e987 elementor-widget elementor-widget-text-editor\" data-id=\"41a1e987\" data-element_type=\"widget\" data-e-type=\"widget\" data-widget_type=\"text-editor.default\">\n\t\t\t\t<div class=\"elementor-widget-container\">\n\t\t\t\t\t\t\t\t\t<p><span style=\"font-size: 1rem;\"><span style=\"color: #ffffff;\"><a style=\"color: #ffffff;\" href=\"https:\/\/api.whatsapp.com\/send?phone=5534998097611&amp;text=Ol%C3%A1,quero%20saber%20sobre%20gerenciamento%20de%20redes%20sociais%20da%20Netuai\" target=\"_blank\" rel=\"noopener\">Preciso que gerenciem minhas redes sociais , quero saber mais!<\/a><\/span><strong><span style=\"color: #ffffff;\"><a style=\"color: #ffffff;\" href=\"https:\/\/api.whatsapp.com\/send?phone=5534998097611&amp;text=Ol%C3%A1,%20desejo%20saber%20sobre%20servi%C3%A7os%20de%20hospedagem%20da%20Netuai\" target=\"_blank\" rel=\"noopener\"> Clique aqui!<\/a><\/span><\/strong>\u00a0<\/span><span style=\"font-size: 1rem; background-color: #ffffff; color: rgba(0, 0, 0, 0); font-family: Helvetica, Arial, sans-serif;\"><img decoding=\"async\" class=\"emoji\" role=\"img\" draggable=\"false\" src=\"https:\/\/s.w.org\/images\/core\/emoji\/13.0.0\/svg\/1f60a.svg\" alt=\"\ud83d\ude0a\" \/><\/span><\/p>\t\t\t\t\t\t\t\t<\/div>\n\t\t\t\t<\/div>\n\t\t\t\t\t<\/div>\n\t\t<\/div>\n\t\t\t\t<div class=\"elementor-column elementor-col-33 elementor-top-column elementor-element elementor-element-7db203b0\" data-id=\"7db203b0\" data-element_type=\"column\" data-e-type=\"column\">\n\t\t\t<div class=\"elementor-widget-wrap elementor-element-populated\">\n\t\t\t\t\t\t<div class=\"elementor-element elementor-element-4fa392f8 elementor-widget elementor-widget-image\" data-id=\"4fa392f8\" data-element_type=\"widget\" data-e-type=\"widget\" data-widget_type=\"image.default\">\n\t\t\t\t<div class=\"elementor-widget-container\">\n\t\t\t\t\t\t\t\t\t\t\t\t\t\t\t\t<a href=\"https:\/\/api.whatsapp.com\/send?phone=5534998097611&#038;text=Ol%C3%A1,quero%20saber%20sobre%20campanhas%20Google%20da%20Netuai\" target=\"_blank\" rel=\"noopener\">\n\t\t\t\t\t\t\t<img decoding=\"async\" src=\"https:\/\/netuai.com.br\/wp-content\/uploads\/elementor\/thumbs\/google-300x300-2-pwvmfolzb42uhqu257bhji59emjozeugnpcmw6ids4.png\" title=\"google-300&#215;300\" alt=\"google-300x300\" loading=\"lazy\" \/>\t\t\t\t\t\t\t\t<\/a>\n\t\t\t\t\t\t\t\t\t\t\t\t\t\t\t<\/div>\n\t\t\t\t<\/div>\n\t\t\t\t<div class=\"elementor-element elementor-element-eb910af elementor-widget elementor-widget-text-editor\" data-id=\"eb910af\" data-element_type=\"widget\" data-e-type=\"widget\" data-widget_type=\"text-editor.default\">\n\t\t\t\t<div class=\"elementor-widget-container\">\n\t\t\t\t\t\t\t\t\t<p><span style=\"color: #ffffff;\"><a style=\"color: #ffffff;\" href=\"https:\/\/api.whatsapp.com\/send?phone=5534998097611&amp;text=Ol%C3%A1,quero%20saber%20sobre%20campanhas%20Google%20da%20Netuai\" target=\"_blank\" rel=\"noopener\">Quero fazer minha Campanha de Google ou YouTube !\u00a0<strong><span style=\"font-size: 1rem;\">Clique aqui!\u00a0<\/span><\/strong><span style=\"font-size: 1rem; background-color: #ffffff; font-family: Helvetica, Arial, sans-serif;\"><img decoding=\"async\" class=\"emoji\" role=\"img\" draggable=\"false\" src=\"https:\/\/s.w.org\/images\/core\/emoji\/13.0.0\/svg\/1f60a.svg\" alt=\"\ud83d\ude0a\" \/><\/span><\/a><\/span><\/p>\t\t\t\t\t\t\t\t<\/div>\n\t\t\t\t<\/div>\n\t\t\t\t\t<\/div>\n\t\t<\/div>\n\t\t\t\t\t<\/div>\n\t\t<\/section>\n\t\t\t\t<\/div>\n\t\t","protected":false},"excerpt":{"rendered":"<p>Tr\u00e1fego Pago Tr\u00e1fego pago s\u00e3o estrat\u00e9gias usadas em campanhas pagas que t\u00eam como objetivo atrair consumidores para o site da empresa ou atendimento Whatsapp, gerando assim Leads(poss\u00edveis vendas). Todas as a\u00e7\u00f5es de Tr\u00e1fego Pago\u00a0podem ser mensuradas, portanto facilmente analisadas e avaliadas. \u00c9 poss\u00edvel saber exatamente quantas pessoas visualizaram, converteram ou compraram em cada campanha por [&hellip;]<\/p>\n","protected":false},"author":1,"featured_media":0,"parent":0,"menu_order":0,"comment_status":"closed","ping_status":"closed","template":"","meta":{"footnotes":""},"class_list":["post-2174","page","type-page","status-publish","hentry"],"_links":{"self":[{"href":"https:\/\/netuai.com.br\/en\/wp-json\/wp\/v2\/pages\/2174","targetHints":{"allow":["GET"]}}],"collection":[{"href":"https:\/\/netuai.com.br\/en\/wp-json\/wp\/v2\/pages"}],"about":[{"href":"https:\/\/netuai.com.br\/en\/wp-json\/wp\/v2\/types\/page"}],"author":[{"embeddable":true,"href":"https:\/\/netuai.com.br\/en\/wp-json\/wp\/v2\/users\/1"}],"replies":[{"embeddable":true,"href":"https:\/\/netuai.com.br\/en\/wp-json\/wp\/v2\/comments?post=2174"}],"version-history":[{"count":1,"href":"https:\/\/netuai.com.br\/en\/wp-json\/wp\/v2\/pages\/2174\/revisions"}],"predecessor-version":[{"id":2175,"href":"https:\/\/netuai.com.br\/en\/wp-json\/wp\/v2\/pages\/2174\/revisions\/2175"}],"wp:attachment":[{"href":"https:\/\/netuai.com.br\/en\/wp-json\/wp\/v2\/media?parent=2174"}],"curies":[{"name":"wp","href":"https:\/\/api.w.org\/{rel}","templated":true}]}}