{"id":2116,"date":"2023-11-10T09:30:45","date_gmt":"2023-11-10T12:30:45","guid":{"rendered":"https:\/\/netuai.com.br\/current-client\/"},"modified":"2023-11-10T09:30:45","modified_gmt":"2023-11-10T12:30:45","slug":"current-client","status":"publish","type":"page","link":"https:\/\/netuai.com.br\/en\/current-client\/","title":{"rendered":"Current Client"},"content":{"rendered":"<div class='fluentform ff-default fluentform_wrapper_12 ffs_default_wrap'><form data-form_id=\"12\" id=\"fluentform_12\" class=\"frm-fluent-form fluent_form_12 ff-el-form-top ff_form_instance_12_1 ff-form-loading ffs_default\" data-form_instance=\"ff_form_instance_12_1\" method=\"POST\" ><fieldset  style=\"border: none!important;margin: 0!important;padding: 0!important;background-color: transparent!important;box-shadow: none!important;outline: none!important; min-inline-size: 100%;\">\n                    <legend class=\"ff_screen_reader_title\" style=\"display: block; margin: 0!important;padding: 0!important;height: 0!important;text-indent: -999999px;width: 0!important;overflow:hidden;\">Cliente de Organiza\u00e7\u00e3o Digital<\/legend><input type='hidden' name='__fluent_form_embded_post_id' value='2116' \/><input type=\"hidden\" id=\"_fluentform_12_fluentformnonce\" name=\"_fluentform_12_fluentformnonce\" value=\"2562a203a2\" \/><input type=\"hidden\" name=\"_wp_http_referer\" value=\"\/en\/wp-json\/wp\/v2\/pages\/2116\" \/><div class='ff-el-group'><div class=\"ff-el-input--label ff-el-is-required asterisk-right\"><label for='ff_12_input_text' id='label_ff_12_input_text' aria-label=\"Nome da Empresa ou Neg\u00f3cio\">Nome da Empresa ou Neg\u00f3cio<\/label><\/div><div class='ff-el-input--content'><input type=\"text\" name=\"input_text\" class=\"ff-el-form-control\" data-name=\"input_text\" id=\"ff_12_input_text\"  aria-invalid=\"false\" aria-required=true><\/div><\/div><div class='ff-el-group'><div class=\"ff-el-input--label asterisk-right\"><label for='ff_12_file-upload_1_1' id='label_ff_12_file-upload_1_1' aria-label=\"Possue Logo, fa\u00e7a o envio\">Possue Logo, fa\u00e7a o envio<\/label><\/div><div class='ff-el-input--content'><label for='ff_12_file-upload_1_1' class='ff_file_upload_holder'><span class='ff_upload_btn ff-btn' tabindex='0'>envie o arquivo<\/span> <input type=\"file\" name=\"file-upload_1\" id=\"ff_12_file-upload_1_1\" class=\"ff-el-form-control  ff-screen-reader-element\" data-name=\"file-upload_1\" multiple=\"1\"  aria-invalid='false' aria-required=false><\/label><\/div><\/div><div class='ff-el-group'><div class=\"ff-el-input--label asterisk-right\"><label for='ff_12_description_2' id='label_ff_12_description_2' aria-label=\"Qual nicho do neg\u00f3cio, possui um quem somos? Capturar e incluir aqui\">Qual nicho do neg\u00f3cio, possui um quem somos? Capturar e incluir aqui<\/label><\/div><div class='ff-el-input--content'><textarea aria-required=\"false\" aria-labelledby=\"label_ff_12_description_2\" name=\"description_2\" id=\"ff_12_description_2\" class=\"ff-el-form-control\" rows=\"3\" cols=\"2\" data-name=\"description_2\" ><\/textarea><\/div><\/div><div data-type=\"name-element\" data-name=\"names\" class=\" ff-field_container ff-name-field-wrapper\" ><div class='ff-t-container'><div class='ff-t-cell '><div class='ff-el-group'><div class=\"ff-el-input--label ff-el-is-required asterisk-right\"><label for='ff_12_names_first_name_' id='label_ff_12_names_first_name_' >Nome do Cliente<\/label><\/div><div class='ff-el-input--content'><input type=\"text\" name=\"names[first_name]\" id=\"ff_12_names_first_name_\" class=\"ff-el-form-control\" placeholder=\"Nome\" aria-invalid=\"false\" aria-required=true><\/div><\/div><\/div><\/div><\/div><div class='ff-el-group'><div class=\"ff-el-input--label ff-el-is-required asterisk-right\"><label for='ff_12_email' id='label_ff_12_email' aria-label=\"Email do Cliente\">Email do Cliente<\/label><\/div><div class='ff-el-input--content'><input type=\"email\" name=\"email\" id=\"ff_12_email\" class=\"ff-el-form-control\" data-name=\"email\"  aria-invalid=\"false\" aria-required=true><\/div><\/div><div class='ff-el-group'><div class=\"ff-el-input--label ff-el-is-required asterisk-right\"><label for='ff_12_phone' id='label_ff_12_phone' aria-label=\"Whatsapp do Cliente (com DDD)\">Whatsapp do Cliente (com DDD)<\/label><\/div><div class='ff-el-input--content'><input name=\"phone\" class=\"ff-el-form-control ff-el-phone ff_el_with_extended_validation\" type=\"tel\" placeholder=\"(00) 0 0000-0000\" data-name=\"phone\" id=\"ff_12_phone\" inputmode=\"tel\"  aria-invalid='false' aria-required=true><\/div><\/div><div class='ff-el-group'><div class=\"ff-el-input--label ff-el-is-required asterisk-right\"><label for='ff_12_dropdown_13' id='label_ff_12_dropdown_13' aria-label=\"O Cliente tem perfil facebook \u00e9 administrador da P\u00e1gina e do BM (portf\u00f3lio empresarial)?\">O Cliente tem perfil facebook \u00e9 administrador da P\u00e1gina e do BM (portf\u00f3lio empresarial)?<\/label><\/div><div class='ff-el-input--content'><select name=\"dropdown_13\" id=\"ff_12_dropdown_13\" class=\"ff-el-form-control\" data-name=\"dropdown_13\" data-calc_value=\"0\"  aria-invalid=\"false\" aria-required=\"true\" aria-labelledby=\"label_ff_12_dropdown_13\"><option value=\"Sim\"  >Sim<\/option><option value=\"Sim , 2 ou +\"  >Sim , 2 ou +<\/option><option value=\"N\u00e3o\"  >N\u00e3o<\/option><option value=\"N\u00e3o sabe o que falamos\"  >N\u00e3o sabe o que falamos<\/option><\/select><\/div><\/div><div class='ff-el-group'><div class=\"ff-el-input--label ff-el-is-required asterisk-right\"><label for='ff_12_dropdown_8' id='label_ff_12_dropdown_8' aria-label=\"A p\u00e1gina do Facebook existe?\">A p\u00e1gina do Facebook existe?<\/label><\/div><div class='ff-el-input--content'><select name=\"dropdown_8\" id=\"ff_12_dropdown_8\" class=\"ff-el-form-control\" data-name=\"dropdown_8\" data-calc_value=\"0\"  aria-invalid=\"false\" aria-required=\"true\" aria-labelledby=\"label_ff_12_dropdown_8\"><option value=\"Sim\"  >Sim<\/option><option value=\"N\u00e3o\"  >N\u00e3o<\/option><option value=\"N\u00e3o sabe\"  >N\u00e3o sabe<\/option><\/select><\/div><\/div><div class='ff-el-group'><div class=\"ff-el-input--label asterisk-right\"><label for='ff_12_input_text_12' id='label_ff_12_input_text_12' aria-label=\"Se sim Qual o Link da P\u00e1gina Facebook do Cliente\">Se sim Qual o Link da P\u00e1gina Facebook do Cliente<\/label><\/div><div class='ff-el-input--content'><input type=\"text\" name=\"input_text_12\" class=\"ff-el-form-control\" data-name=\"input_text_12\" id=\"ff_12_input_text_12\"  aria-invalid=\"false\" aria-required=false><\/div><\/div><div class='ff-el-group'><div class=\"ff-el-input--label asterisk-right\"><label for='ff_12_description_1' id='label_ff_12_description_1' aria-label=\"Escreva um a pequena Bio para facebook , Endere\u00e7o com cep, hor\u00e1rio de funcionamento, cidade que atua\">Escreva um a pequena Bio para facebook , Endere\u00e7o com cep, hor\u00e1rio de funcionamento, cidade que atua<\/label><\/div><div class='ff-el-input--content'><textarea aria-required=\"false\" aria-labelledby=\"label_ff_12_description_1\" name=\"description_1\" id=\"ff_12_description_1\" class=\"ff-el-form-control\" rows=\"3\" cols=\"2\" data-name=\"description_1\" ><\/textarea><\/div><\/div><div class='ff-el-group'><div class=\"ff-el-input--label ff-el-is-required asterisk-right\"><label for='ff_12_input_text_3' id='label_ff_12_input_text_3' aria-label=\"Qual o Link da Conta Instagram do Cliente\">Qual o Link da Conta Instagram do Cliente<\/label><\/div><div class='ff-el-input--content'><input type=\"text\" name=\"input_text_3\" class=\"ff-el-form-control\" data-name=\"input_text_3\" id=\"ff_12_input_text_3\"  aria-invalid=\"false\" aria-required=true><\/div><\/div><div class='ff-el-group'><div class=\"ff-el-input--label ff-el-is-required asterisk-right\"><label for='ff_12_dropdown_25' id='label_ff_12_dropdown_25' aria-label=\"A conta do Instagram \u00e9 uma conta :\">A conta do Instagram \u00e9 uma conta :<\/label><\/div><div class='ff-el-input--content'><select name=\"dropdown_25\" id=\"ff_12_dropdown_25\" class=\"ff-el-form-control\" data-name=\"dropdown_25\" data-calc_value=\"0\"  aria-invalid=\"false\" aria-required=\"true\" aria-labelledby=\"label_ff_12_dropdown_25\"><option value=\"Conta Comercial\"  >Conta Comercial<\/option><option value=\"Criador de Conte\u00fado\"  >Criador de Conte\u00fado<\/option><option value=\"Perfil comum\"  >Perfil comum<\/option><option value=\"N\u00e3o sei\"  >N\u00e3o sei<\/option><\/select><\/div><\/div><div class='ff-el-group'><div class=\"ff-el-input--label ff-el-is-required asterisk-right\"><label for='ff_12_dropdown_20' id='label_ff_12_dropdown_20' aria-label=\"Possui Website ou Loja Virtual ou registro de dom\u00ednio?\">Possui Website ou Loja Virtual ou registro de dom\u00ednio?<\/label><\/div><div class='ff-el-input--content'><select name=\"dropdown_20\" id=\"ff_12_dropdown_20\" class=\"ff-el-form-control\" data-name=\"dropdown_20\" data-calc_value=\"0\"  aria-invalid=\"false\" aria-required=\"true\" aria-labelledby=\"label_ff_12_dropdown_20\"><option value=\"N\u00e3o\"  >N\u00e3o<\/option><option value=\"N\u00e3o, mas tem interesse em fazer\"  >N\u00e3o, mas tem interesse em fazer<\/option><option value=\"Sim, mais n\u00e3o foi realizado conosco, ou n\u00e3o existe nossa Manuten\u00e7\u00e3o\"  >Sim, mais n\u00e3o foi realizado conosco, ou n\u00e3o existe nossa Manuten\u00e7\u00e3o<\/option><option value=\"Sim , \u00e9 nosso e alimentamos\"  >Sim , \u00e9 nosso e alimentamos<\/option><\/select><\/div><\/div><div class='ff-el-group'><div class=\"ff-el-input--label asterisk-right\"><label for='ff_12_dropdown_24' id='label_ff_12_dropdown_24' aria-label=\"Sen\u00e3o possui, Est\u00e1 livre para o registro de dom\u00ednio?\">Sen\u00e3o possui, Est\u00e1 livre para o registro de dom\u00ednio?<\/label><\/div><div class='ff-el-input--content'><select name=\"dropdown_24\" id=\"ff_12_dropdown_24\" class=\"ff-el-form-control\" data-name=\"dropdown_24\" data-calc_value=\"0\"  aria-invalid=\"false\" aria-required=\"false\" aria-labelledby=\"label_ff_12_dropdown_24\"><option value=\"Sim, est\u00e1 liberado temos que registrar\"  >Sim, est\u00e1 liberado temos que registrar<\/option><option value=\"Sim, ja registramos e fizemos emails\"  >Sim, ja registramos e fizemos emails<\/option><option value=\"N\u00e3o, est\u00e1 liberado mais o cliente n\u00e3o quer\"  >N\u00e3o, est\u00e1 liberado mais o cliente n\u00e3o quer<\/option><option value=\"N\u00e3o, ja fez n\u00e3o quer usar ou hospedar\"  >N\u00e3o, ja fez n\u00e3o quer usar ou hospedar<\/option><\/select><\/div><\/div><div class='ff-el-group'><div class=\"ff-el-input--label asterisk-right\"><label for='ff_12_phone_1' id='label_ff_12_phone_1' aria-label=\"Qual Telefone WhatsApp de Atendimento (com DDD)\">Qual Telefone WhatsApp de Atendimento (com DDD)<\/label><\/div><div class='ff-el-input--content'><input name=\"phone_1\" class=\"ff-el-form-control ff-el-phone ff_el_with_extended_validation\" type=\"tel\" placeholder=\"(00) 0 0000-0000\" data-name=\"phone_1\" id=\"ff_12_phone_1\" inputmode=\"tel\"  aria-invalid='false' aria-required=false><\/div><\/div><div class='ff-el-group'><div class=\"ff-el-input--label asterisk-right\"><label for='ff_12_dropdown_14' id='label_ff_12_dropdown_14' aria-label=\"Este WhatsApp \u00e9 Business?\">Este WhatsApp \u00e9 Business?<\/label><\/div><div class='ff-el-input--content'><select name=\"dropdown_14\" id=\"ff_12_dropdown_14\" class=\"ff-el-form-control\" data-name=\"dropdown_14\" data-calc_value=\"0\"  aria-invalid=\"false\" aria-required=\"false\" aria-labelledby=\"label_ff_12_dropdown_14\"><option data-calc_value=\"10\" data-custom-properties=\"10\" value=\"Sim\"  >Sim<\/option><option data-calc_value=\"5\" data-custom-properties=\"5\" value=\"N\u00e3o\"  >N\u00e3o<\/option><option data-calc_value=\"2\" data-custom-properties=\"2\" value=\"N\u00e3o, precisa transformar\"  >N\u00e3o, precisa transformar<\/option><\/select><\/div><\/div><div class='ff-el-group'><div class=\"ff-el-input--label ff-el-is-required asterisk-right\"><label for='ff_12_dropdown_21' id='label_ff_12_dropdown_21' aria-label=\"O Cliente possui WhatsApp de atendimento\/venda amarrado na P\u00e1gina para realiza\u00e7\u00e3o de an\u00fancios?\">O Cliente possui WhatsApp de atendimento\/venda amarrado na P\u00e1gina para realiza\u00e7\u00e3o de an\u00fancios?<\/label><\/div><div class='ff-el-input--content'><select name=\"dropdown_21\" id=\"ff_12_dropdown_21\" class=\"ff-el-form-control\" data-name=\"dropdown_21\" data-calc_value=\"0\"  aria-invalid=\"false\" aria-required=\"true\" aria-labelledby=\"label_ff_12_dropdown_21\"><option value=\"\">Selecione<\/option><option data-calc_value=\"2\" data-custom-properties=\"2\" value=\"N\u00e3o tem sequer Whatsapp de atendimento\"  >N\u00e3o tem sequer Whatsapp de atendimento<\/option><option data-calc_value=\"5\" data-custom-properties=\"5\" value=\"N\u00e3o, n\u00e3o tira tempo para colocar\"  >N\u00e3o, n\u00e3o tira tempo para colocar<\/option><option data-calc_value=\"7\" data-custom-properties=\"7\" value=\"Sim, mas n\u00e3o est\u00e1 na P\u00e1gina\"  >Sim, mas n\u00e3o est\u00e1 na P\u00e1gina<\/option><option data-calc_value=\"10\" data-custom-properties=\"10\" value=\"Sim tudo certinho\"  >Sim tudo certinho<\/option><\/select><\/div><\/div><div class='ff-el-group'><div class=\"ff-el-input--label ff-el-is-required asterisk-right\"><label for='ff_12_dropdown_23' id='label_ff_12_dropdown_23' aria-label=\"Qual o tipo de servi\u00e7o que o Cliente contratou com a Netuai?\">Qual o tipo de servi\u00e7o que o Cliente contratou com a Netuai?<\/label><\/div><div class='ff-el-input--content'><select name=\"dropdown_23\" id=\"ff_12_dropdown_23\" class=\"ff-el-form-control\" data-name=\"dropdown_23\" data-calc_value=\"0\"  aria-invalid=\"false\" aria-required=\"true\" aria-labelledby=\"label_ff_12_dropdown_23\"><option value=\"\">Selecione<\/option><option data-calc_value=\"2\" data-custom-properties=\"2\" value=\"Apenas Organiza\u00e7\u00e3o Digital\"  >Apenas Organiza\u00e7\u00e3o Digital<\/option><option value=\"Tr\u00e1fego Pago\"  >Tr\u00e1fego Pago<\/option><option value=\"B\u00e1sico, somente entre 5 a 8 posts, pequeno TP ou nenhum. Cliente de permuta pequena. \"  >B\u00e1sico, somente entre 5 a 8 posts, pequeno TP ou nenhum. Cliente de permuta pequena.<\/option><option data-calc_value=\"5\" data-custom-properties=\"5\" value=\"M\u00e9dio, de 8 a 12 posts,n\u00e3o quer melhorar ou mudar, acervo de fotos web ou pr\u00f3prio antigo. Cliente permuta maior (valor atual).\"  >M\u00e9dio, de 8 a 12 posts,n\u00e3o quer melhorar ou mudar, acervo de fotos web ou pr\u00f3prio antigo. Cliente permuta maior (valor atual).<\/option><option data-calc_value=\"7\" data-custom-properties=\"7\" value=\"Bom, de 12 ou bem + post. Por\u00e9m s\u00e3o post com alta demanda de tempo de produ\u00e7\u00e3o, exigem tanto textual e artes + elaborados.Cliente que possue ou deseja ter site, mas n\u00e3o realiza campanhas de Google\/YT.\"  >Bom, de 12 ou bem + post. Por\u00e9m s\u00e3o post com alta demanda de tempo de produ\u00e7\u00e3o, exigem tanto textual e artes + elaborados.Cliente que possue ou deseja ter site, mas n\u00e3o realiza campanhas de Google\/YT.<\/option><option data-calc_value=\"10\" data-custom-properties=\"10\" value=\"Muito Bom, com alto potencial em investir mais e crescer digitalmente. Tem Rede sociais e site todos com campanha. Normalmente + 20 posts e bem alinhados com a produ\u00e7\u00e3o.\"  >Muito Bom, com alto potencial em investir mais e crescer digitalmente. Tem Rede sociais e site todos com campanha. Normalmente + 20 posts e bem alinhados com a produ\u00e7\u00e3o.<\/option><\/select><\/div><\/div><div class='ff-el-group'><div class=\"ff-el-input--label ff-el-is-required asterisk-right\"><label for='ff_12_dropdown_9' id='label_ff_12_dropdown_9' aria-label=\"O Cliente possui fotos\/v\u00eddeos de acervo pr\u00f3prio?\">O Cliente possui fotos\/v\u00eddeos de acervo pr\u00f3prio?<\/label><\/div><div class='ff-el-input--content'><select name=\"dropdown_9\" id=\"ff_12_dropdown_9\" class=\"ff-el-form-control\" data-name=\"dropdown_9\" data-calc_value=\"0\"  aria-invalid=\"false\" aria-required=\"true\" aria-labelledby=\"label_ff_12_dropdown_9\"><option value=\"\">Selecione<\/option><option data-calc_value=\"2\" data-custom-properties=\"2\" value=\"N\u00e3o, temos que buscar em bancos de imagens\"  >N\u00e3o, temos que buscar em bancos de imagens<\/option><option data-calc_value=\"5\" data-custom-properties=\"5\" value=\"Sim, mas s\u00e3o poucas e antigas.\"  >Sim, mas s\u00e3o poucas e antigas.<\/option><option data-calc_value=\"7\" data-custom-properties=\"7\" value=\"Sim, mas aceitou um Filmaker\"  >Sim, mas aceitou um Filmaker<\/option><option data-calc_value=\"10\" data-custom-properties=\"10\" value=\"Sim, tem bom e gera acervo.\"  >Sim, tem bom e gera acervo.<\/option><\/select><\/div><\/div><div class='ff-el-group'><div class=\"ff-el-input--label ff-el-is-required asterisk-right\"><label for='ff_12_dropdown_26' id='label_ff_12_dropdown_26' aria-label=\"O Cliente entendeu como funciona a organiza\u00e7\u00e3o e respondeu o question\u00e1rio inicial?\">O Cliente entendeu como funciona a organiza\u00e7\u00e3o e respondeu o question\u00e1rio inicial?<\/label><\/div><div class='ff-el-input--content'><select name=\"dropdown_26\" id=\"ff_12_dropdown_26\" class=\"ff-el-form-control\" data-name=\"dropdown_26\" data-calc_value=\"0\"  aria-invalid=\"false\" aria-required=\"true\" aria-labelledby=\"label_ff_12_dropdown_26\"><option value=\"\">Selecione<\/option><option data-calc_value=\"2\" data-custom-properties=\"2\" value=\"N\u00e3o, temos que enviar\"  >N\u00e3o, temos que enviar<\/option><option data-calc_value=\"5\" data-custom-properties=\"5\" value=\"Sim, mas n\u00e3o sabe muita coisa\"  >Sim, mas n\u00e3o sabe muita coisa<\/option><option data-calc_value=\"7\" data-custom-properties=\"7\" value=\"Sim, mas tem tempo dispon\u00edvel\"  >Sim, mas tem tempo dispon\u00edvel<\/option><option data-calc_value=\"10\" data-custom-properties=\"10\" value=\"Sim, mas vai envolver um terceiro para responder\/fazer.\"  >Sim, mas vai envolver um terceiro para responder\/fazer.<\/option><\/select><\/div><\/div><div class='ff-el-group'><div class=\"ff-el-input--label asterisk-right\"><label for='ff_12_description' id='label_ff_12_description' aria-label=\"Usu\u00e1rios e senhas enviados\">Usu\u00e1rios e senhas enviados<\/label><\/div><div class='ff-el-input--content'><textarea aria-required=\"false\" aria-labelledby=\"label_ff_12_description\" name=\"description\" id=\"ff_12_description\" class=\"ff-el-form-control\" rows=\"3\" cols=\"2\" data-name=\"description\" ><\/textarea><\/div><\/div><div class='ff-el-group ' ><div class='ff-el-input--content'><div data-fluent_id='12' name='g-recaptcha-response'><div\n\t\tdata-sitekey='6LcF8r4eAAAAAJj0mZfVS1GmwyZFfxmye4MQuXEX'\n\t\tid='fluentform-recaptcha-12-1'\n\t\tclass='ff-el-recaptcha g-recaptcha'\n\t\tdata-callback='fluentFormrecaptchaSuccessCallback'><\/div><\/div><\/div><\/div><div class='ff-el-group ff-text-left ff_submit_btn_wrapper'><button type=\"submit\" class=\"ff-btn ff-btn-submit ff-btn-md ff_btn_style wpf_has_custom_css\"  aria-label=\"Enviar\">Enviar<\/button><\/div><\/fieldset><\/form><div id='fluentform_12_errors' class='ff-errors-in-stack ff_form_instance_12_1 ff-form-loading_errors ff_form_instance_12_1_errors'><\/div><\/div>            <script type=\"text\/javascript\">\n                window.fluent_form_ff_form_instance_12_1 = {\"id\":\"12\",\"settings\":{\"layout\":{\"labelPlacement\":\"top\",\"helpMessagePlacement\":\"with_label\",\"errorMessagePlacement\":\"inline\",\"asteriskPlacement\":\"asterisk-right\"},\"id\":\"39\",\"restrictions\":{\"denyEmptySubmission\":{\"enabled\":false}}},\"form_instance\":\"ff_form_instance_12_1\",\"form_id_selector\":\"fluentform_12\",\"rules\":{\"input_text\":{\"required\":{\"value\":true,\"message\":\"This field is required\",\"global_message\":\"Este campo \\u00e9 obrigat\\u00f3rio\",\"global\":true}},\"file-upload_1\":{\"required\":{\"value\":false,\"message\":\"This field is required\",\"global_message\":\"Este campo \\u00e9 obrigat\\u00f3rio\",\"global\":true},\"max_file_size\":{\"value\":31457280,\"_valueFrom\":\"MB\",\"message\":\"Validation fails for maximum file size\",\"global_message\":\"A valida\\u00e7\\u00e3o falhou para o tamanho m\\u00e1ximo do arquivo\",\"global\":true},\"max_file_count\":{\"value\":1,\"message\":\"Validation fails for maximum file count\",\"global_message\":\"A valida\\u00e7\\u00e3o falhou para o n\\u00famero m\\u00e1ximo de arquivos\",\"global\":true},\"allowed_file_types\":{\"value\":[\"jpg|jpeg|gif|png|bmp\",\"avi|divx|flv|mov|ogv|mkv|mp4|m4v|divx|mpg|mpeg|mpe|video\\\/quicktime|qt\",\"pdf\"],\"message\":\"Invalid file type\",\"global_message\":\"Os tipos de imagem permitidos n\\u00e3o correspondem\",\"global\":true}},\"description_2\":{\"required\":{\"value\":false,\"message\":\"This field is required\",\"global_message\":\"Este campo \\u00e9 obrigat\\u00f3rio\",\"global\":true}},\"names[first_name]\":{\"required\":{\"value\":true,\"message\":\"O campo Nome \\u00e9 Obrigat\\u00f3rio\",\"global\":false,\"global_message\":\"Este campo \\u00e9 obrigat\\u00f3rio\"}},\"names[middle_name]\":{\"required\":{\"value\":false,\"message\":\"This field is required\",\"global\":false,\"global_message\":\"Este campo \\u00e9 obrigat\\u00f3rio\"}},\"names[last_name]\":{\"required\":{\"value\":false,\"message\":\"This field is required\",\"global\":false,\"global_message\":\"Este campo \\u00e9 obrigat\\u00f3rio\"}},\"email\":{\"required\":{\"value\":true,\"message\":\"O campo Email \\u00e9 Obrigat\\u00f3rio\",\"global\":false,\"global_message\":\"Este campo \\u00e9 obrigat\\u00f3rio\"},\"email\":{\"value\":true,\"message\":\"This field must contain a valid email\",\"global\":false,\"global_message\":\"Este campo deve conter um e-mail v\\u00e1lido\"}},\"phone\":{\"required\":{\"value\":true,\"message\":\"O campo Whatsapp \\u00e9 Obrigat\\u00f3rio\",\"global\":false,\"global_message\":\"Este campo \\u00e9 obrigat\\u00f3rio\"},\"valid_phone_number\":{\"value\":true,\"message\":\"Phone number is not valid\",\"global\":false,\"global_message\":\"O n\\u00famero de telefone n\\u00e3o \\u00e9 v\\u00e1lido\"}},\"dropdown_13\":{\"required\":{\"value\":true,\"message\":\"O campo perfil \\u00e9 administrador  \\u00e9 obrigat\\u00f3rio\",\"global\":false,\"global_message\":\"Este campo \\u00e9 obrigat\\u00f3rio\"}},\"dropdown_8\":{\"required\":{\"value\":true,\"message\":\"This field is required\",\"global\":false,\"global_message\":\"Este campo \\u00e9 obrigat\\u00f3rio\"}},\"input_text_12\":{\"required\":{\"value\":false,\"message\":\"O campo Link do Perfil facebook \\u00e9 Obrigat\\u00f3rio. Caso n\\u00e3o saiba coloque o nome do Perfil que localizaremos.\",\"global\":false,\"global_message\":\"Este campo \\u00e9 obrigat\\u00f3rio\"}},\"description_1\":{\"required\":{\"value\":false,\"message\":\"This field is required\",\"global_message\":\"Este campo \\u00e9 obrigat\\u00f3rio\",\"global\":true}},\"input_text_3\":{\"required\":{\"value\":true,\"message\":\"O campo Link do Perfil facebook \\u00e9 Obrigat\\u00f3rio. Caso n\\u00e3o saiba coloque o nome do Perfil que localizaremos.\",\"global\":false,\"global_message\":\"Este campo \\u00e9 obrigat\\u00f3rio\"}},\"dropdown_25\":{\"required\":{\"value\":true,\"message\":\"This field is required\",\"global\":false,\"global_message\":\"Este campo \\u00e9 obrigat\\u00f3rio\"}},\"dropdown_20\":{\"required\":{\"value\":true,\"message\":\"O campo Site \\u00e9 Obrigat\\u00f3rio\",\"global\":false,\"global_message\":\"Este campo \\u00e9 obrigat\\u00f3rio\"}},\"dropdown_24\":{\"required\":{\"value\":false,\"message\":\"O campo Site \\u00e9 Obrigat\\u00f3rio\",\"global\":false,\"global_message\":\"Este campo \\u00e9 obrigat\\u00f3rio\"}},\"phone_1\":{\"required\":{\"value\":false,\"message\":\"O campo Whatsapp \\u00e9 Obrigat\\u00f3rio\",\"global\":false,\"global_message\":\"Este campo \\u00e9 obrigat\\u00f3rio\"},\"valid_phone_number\":{\"value\":true,\"message\":\"Phone number is not valid\",\"global\":false,\"global_message\":\"O n\\u00famero de telefone n\\u00e3o \\u00e9 v\\u00e1lido\"}},\"dropdown_14\":{\"required\":{\"value\":false,\"message\":\"O campo Site \\u00e9 Obrigat\\u00f3rio\",\"global\":false,\"global_message\":\"Este campo \\u00e9 obrigat\\u00f3rio\"}},\"dropdown_21\":{\"required\":{\"value\":true,\"message\":\"O Campo Possui WhatsApp tem q esta marcado\",\"global\":false,\"global_message\":\"Este campo \\u00e9 obrigat\\u00f3rio\"}},\"dropdown_23\":{\"required\":{\"value\":true,\"message\":\"Este campo \\u00e9 obrigat\\u00f3rio\",\"global\":false,\"global_message\":\"Este campo \\u00e9 obrigat\\u00f3rio\"}},\"dropdown_9\":{\"required\":{\"value\":true,\"message\":\"O campo  \\u00e9 obrigat\\u00f3rio\",\"global\":false,\"global_message\":\"Este campo \\u00e9 obrigat\\u00f3rio\"}},\"dropdown_26\":{\"required\":{\"value\":true,\"message\":\"O campo  \\u00e9 obrigat\\u00f3rio\",\"global\":false,\"global_message\":\"Este campo \\u00e9 obrigat\\u00f3rio\"}},\"description\":{\"required\":{\"value\":false,\"message\":\"This field is required\",\"global_message\":\"Este campo \\u00e9 obrigat\\u00f3rio\",\"global\":true}},\"g-recaptcha-response\":[]},\"debounce_time\":300};\n                            <\/script>\n            \n","protected":false},"excerpt":{"rendered":"","protected":false},"author":1,"featured_media":0,"parent":0,"menu_order":0,"comment_status":"closed","ping_status":"closed","template":"","meta":{"footnotes":""},"class_list":["post-2116","page","type-page","status-publish","hentry"],"_links":{"self":[{"href":"https:\/\/netuai.com.br\/en\/wp-json\/wp\/v2\/pages\/2116","targetHints":{"allow":["GET"]}}],"collection":[{"href":"https:\/\/netuai.com.br\/en\/wp-json\/wp\/v2\/pages"}],"about":[{"href":"https:\/\/netuai.com.br\/en\/wp-json\/wp\/v2\/types\/page"}],"author":[{"embeddable":true,"href":"https:\/\/netuai.com.br\/en\/wp-json\/wp\/v2\/users\/1"}],"replies":[{"embeddable":true,"href":"https:\/\/netuai.com.br\/en\/wp-json\/wp\/v2\/comments?post=2116"}],"version-history":[{"count":0,"href":"https:\/\/netuai.com.br\/en\/wp-json\/wp\/v2\/pages\/2116\/revisions"}],"wp:attachment":[{"href":"https:\/\/netuai.com.br\/en\/wp-json\/wp\/v2\/media?parent=2116"}],"curies":[{"name":"wp","href":"https:\/\/api.w.org\/{rel}","templated":true}]}}